{"id":75,"date":"2020-01-27T08:29:32","date_gmt":"2020-01-27T08:29:32","guid":{"rendered":"https:\/\/demosites.io\/web-agency-gb\/?page_id=75"},"modified":"2025-02-12T20:11:52","modified_gmt":"2025-02-12T20:11:52","slug":"kontakt","status":"publish","type":"page","link":"https:\/\/use-ua.de\/uk\/kontakt","title":{"rendered":"\u041a\u043e\u043d\u0442\u0430\u043a\u0442\u0438"},"content":{"rendered":"<div class=\"wp-block-cover alignfull\" style=\"min-height:300px;aspect-ratio:unset;\"><span aria-hidden=\"true\" class=\"wp-block-cover__background has-nv-site-bg-background-color has-background-dim-100 has-background-dim\"><\/span><div class=\"wp-block-cover__inner-container is-layout-flow wp-block-cover-is-layout-flow\">\n<div class=\"wp-block-group\"><div class=\"wp-block-group__inner-container is-layout-flow wp-block-group-is-layout-flow\">\n<h2 class=\"wp-block-heading has-text-align-left has-neve-text-color-color has-text-color\">\u0417\u0432'\u044f\u0436\u0456\u0442\u044c\u0441\u044f \u0437 \u043d\u0430\u043c\u0438<br><br>Tel. +49 152 08479536<\/h2>\n<\/div><\/div>\n<\/div><\/div>\n\n\n\n<div class=\"wp-block-cover alignfull\" style=\"min-height:420px;aspect-ratio:unset;\"><span aria-hidden=\"true\" class=\"wp-block-cover__background has-nv-light-bg-background-color has-background-dim-100 has-background-dim\"><\/span><div class=\"wp-block-cover__inner-container is-layout-flow wp-block-cover-is-layout-flow\">\n<div style=\"height:80px\" aria-hidden=\"true\" class=\"wp-block-spacer\"><\/div>\n\n\n\n<div class=\"wp-block-columns is-layout-flex wp-container-core-columns-is-layout-9d6595d7 wp-block-columns-is-layout-flex\">\n<div class=\"wp-block-column ticss-a5b4df29 is-layout-flow wp-block-column-is-layout-flow\">\n<div style=\"height:24px\" aria-hidden=\"true\" class=\"wp-block-spacer\"><\/div>\n\n\n<div class=\"wp-block-image icon-style is-style-default\">\n<figure class=\"aligncenter size-full\"><a href=\"mailto:uaschule@gmail.com\"><img data-recalc-dims=\"1\" loading=\"lazy\" decoding=\"async\" width=\"64\" height=\"64\" src=\"https:\/\/i0.wp.com\/use-ua.de\/wp-content\/uploads\/2022\/07\/Gmail1.png?resize=64%2C64&#038;ssl=1\" alt=\"\" class=\"wp-image-386\" srcset=\"https:\/\/i0.wp.com\/use-ua.de\/wp-content\/uploads\/2022\/07\/Gmail1.png?w=64&amp;ssl=1 64w, https:\/\/i0.wp.com\/use-ua.de\/wp-content\/uploads\/2022\/07\/Gmail1.png?resize=12%2C12&amp;ssl=1 12w\" sizes=\"auto, (max-width: 64px) 100vw, 64px\" \/><\/a><\/figure>\n<\/div>\n\n\n<h3 class=\"wp-block-heading has-text-align-center has-neve-text-color-color has-text-color\">\u0415\u043b\u0435\u043a\u0442\u0440\u043e\u043d\u043d\u0430 \u0430\u0434\u0440\u0435\u0441\u0430<\/h3>\n\n\n\n<div style=\"height:24px\" aria-hidden=\"true\" class=\"wp-block-spacer\"><\/div>\n<\/div>\n\n\n\n<div class=\"wp-block-column ticss-a5b4df29 is-layout-flow wp-block-column-is-layout-flow\">\n<div style=\"height:24px\" aria-hidden=\"true\" class=\"wp-block-spacer\"><\/div>\n\n\n<div class=\"wp-block-image icon-style is-style-default\">\n<figure class=\"aligncenter size-full\"><a href=\"https:\/\/www.facebook.com\/UkrSchuleErlangen\"><img data-recalc-dims=\"1\" loading=\"lazy\" decoding=\"async\" width=\"64\" height=\"64\" src=\"https:\/\/i0.wp.com\/use-ua.de\/wp-content\/uploads\/2022\/07\/Facebook1.png?resize=64%2C64&#038;ssl=1\" alt=\"\" class=\"wp-image-400\" srcset=\"https:\/\/i0.wp.com\/use-ua.de\/wp-content\/uploads\/2022\/07\/Facebook1.png?w=64&amp;ssl=1 64w, https:\/\/i0.wp.com\/use-ua.de\/wp-content\/uploads\/2022\/07\/Facebook1.png?resize=12%2C12&amp;ssl=1 12w\" sizes=\"auto, (max-width: 64px) 100vw, 64px\" \/><\/a><\/figure>\n<\/div>\n\n\n<h3 class=\"wp-block-heading has-text-align-center has-neve-text-color-color has-text-color\">Facebook<\/h3>\n\n\n\n<div style=\"height:24px\" aria-hidden=\"true\" class=\"wp-block-spacer\"><\/div>\n<\/div>\n\n\n\n<div class=\"wp-block-column ticss-a5b4df29 is-layout-flow wp-block-column-is-layout-flow\">\n<div style=\"height:24px\" aria-hidden=\"true\" class=\"wp-block-spacer\"><\/div>\n\n\n<div class=\"wp-block-image icon-style is-style-default\">\n<figure class=\"aligncenter size-full\"><img data-recalc-dims=\"1\" loading=\"lazy\" decoding=\"async\" width=\"64\" height=\"64\" src=\"https:\/\/i0.wp.com\/use-ua.de\/wp-content\/uploads\/2022\/07\/Address1.png?resize=64%2C64&#038;ssl=1\" alt=\"\" class=\"wp-image-404\" srcset=\"https:\/\/i0.wp.com\/use-ua.de\/wp-content\/uploads\/2022\/07\/Address1.png?w=64&amp;ssl=1 64w, https:\/\/i0.wp.com\/use-ua.de\/wp-content\/uploads\/2022\/07\/Address1.png?resize=12%2C12&amp;ssl=1 12w\" sizes=\"auto, (max-width: 64px) 100vw, 64px\" \/><\/figure>\n<\/div>\n\n\n<h3 class=\"wp-block-heading has-text-align-center has-neve-text-color-color has-text-color\">\u0410\u0434\u0440\u0435\u0441\u0430<\/h3>\n\n\n\n<p class=\"has-text-align-center has-neve-text-color-color has-text-color\" style=\"font-size:15px\">\u0421\u043b\u0456\u0434\u043a\u0443\u0439\u0442\u0435 \u0437\u0430 \u043f\u043e\u0442\u043e\u0447\u043d\u043e\u044e \u0430\u0434\u0440\u0435\u0441\u043e\u044e \u0443 Facebook<\/p>\n\n\n\n<div style=\"height:24px\" aria-hidden=\"true\" class=\"wp-block-spacer\"><\/div>\n<\/div>\n<\/div>\n\n\n\n<div style=\"height:30px\" aria-hidden=\"true\" class=\"wp-block-spacer\"><\/div>\n<\/div><\/div>","protected":false},"excerpt":{"rendered":"","protected":false},"author":1,"featured_media":0,"parent":0,"menu_order":0,"comment_status":"closed","ping_status":"closed","template":"","meta":{"neve_meta_sidebar":"default","neve_meta_container":"","neve_meta_enable_content_width":"on","neve_meta_content_width":100,"neve_meta_title_alignment":"","neve_meta_author_avatar":"","neve_post_elements_order":"","neve_meta_disable_header":"","neve_meta_disable_footer":"","neve_meta_disable_title":"on","footnotes":""},"class_list":["post-75","page","type-page","status-publish","hentry"],"yoast_head":"<!-- This site is optimized with the Yoast SEO plugin v27.3 - https:\/\/yoast.com\/product\/yoast-seo-wordpress\/ -->\n<title>Kontakt - Ukrainische Samstagsschule Erlangen<\/title>\n<meta name=\"description\" content=\"Kontakt Ukrainische Samstagsschule Erlangen -\" \/>\n<meta name=\"robots\" content=\"index, follow, max-snippet:-1, max-image-preview:large, max-video-preview:-1\" \/>\n<link rel=\"canonical\" href=\"https:\/\/use-ua.de\/uk\/kontakt\/\" \/>\n<meta property=\"og:locale\" content=\"uk_UA\" \/>\n<meta property=\"og:type\" content=\"article\" \/>\n<meta property=\"og:title\" content=\"Kontakt - Ukrainische Samstagsschule Erlangen\" \/>\n<meta property=\"og:description\" content=\"Kontakt Ukrainische Samstagsschule Erlangen -\" \/>\n<meta property=\"og:url\" content=\"https:\/\/use-ua.de\/uk\/kontakt\/\" \/>\n<meta property=\"og:site_name\" content=\"Ukrainische Samstagsschule Erlangen\" \/>\n<meta property=\"article:publisher\" content=\"https:\/\/www.facebook.com\/UkrSchuleErlangen\" \/>\n<meta property=\"article:modified_time\" content=\"2025-02-12T20:11:52+00:00\" \/>\n<meta property=\"og:image\" content=\"https:\/\/use-ua.de\/wp-content\/uploads\/2022\/07\/Gmail1.png\" \/>\n<meta name=\"twitter:card\" content=\"summary_large_image\" \/>\n<script type=\"application\/ld+json\" class=\"yoast-schema-graph\">{\"@context\":\"https:\\\/\\\/schema.org\",\"@graph\":[{\"@type\":\"WebPage\",\"@id\":\"https:\\\/\\\/use-ua.de\\\/kontakt\",\"url\":\"https:\\\/\\\/use-ua.de\\\/kontakt\",\"name\":\"Kontakt - Ukrainische Samstagsschule Erlangen\",\"isPartOf\":{\"@id\":\"https:\\\/\\\/use-ua.de\\\/#website\"},\"primaryImageOfPage\":{\"@id\":\"https:\\\/\\\/use-ua.de\\\/kontakt#primaryimage\"},\"image\":{\"@id\":\"https:\\\/\\\/use-ua.de\\\/kontakt#primaryimage\"},\"thumbnailUrl\":\"https:\\\/\\\/use-ua.de\\\/wp-content\\\/uploads\\\/2022\\\/07\\\/Gmail1.png\",\"datePublished\":\"2020-01-27T08:29:32+00:00\",\"dateModified\":\"2025-02-12T20:11:52+00:00\",\"description\":\"Kontakt Ukrainische Samstagsschule Erlangen -\",\"breadcrumb\":{\"@id\":\"https:\\\/\\\/use-ua.de\\\/kontakt#breadcrumb\"},\"inLanguage\":\"uk\",\"potentialAction\":[{\"@type\":\"ReadAction\",\"target\":[\"https:\\\/\\\/use-ua.de\\\/kontakt\"]}]},{\"@type\":\"ImageObject\",\"inLanguage\":\"uk\",\"@id\":\"https:\\\/\\\/use-ua.de\\\/kontakt#primaryimage\",\"url\":\"https:\\\/\\\/use-ua.de\\\/wp-content\\\/uploads\\\/2022\\\/07\\\/Gmail1.png\",\"contentUrl\":\"https:\\\/\\\/use-ua.de\\\/wp-content\\\/uploads\\\/2022\\\/07\\\/Gmail1.png\"},{\"@type\":\"BreadcrumbList\",\"@id\":\"https:\\\/\\\/use-ua.de\\\/kontakt#breadcrumb\",\"itemListElement\":[{\"@type\":\"ListItem\",\"position\":1,\"name\":\"Startseite\",\"item\":\"https:\\\/\\\/use-ua.de\\\/\"},{\"@type\":\"ListItem\",\"position\":2,\"name\":\"Kontakt\"}]},{\"@type\":\"WebSite\",\"@id\":\"https:\\\/\\\/use-ua.de\\\/#website\",\"url\":\"https:\\\/\\\/use-ua.de\\\/\",\"name\":\"Ukrainische Samstagsschule Erlangen\",\"description\":\"Lernen Sie Ukrainische Sprache und Kultur in Deutschland, Ukrainische Samstagsschule Erlangen, Ukrainian school Erlangen, \u0423\u043a\u0440\u0430\u0457\u043d\u0441\u044c\u043a\u0430 \u0448\u043a\u043e\u043b\u0430 E\u0440\u043b\u0430\u043d\u0433\u0435\u043d, USE\",\"publisher\":{\"@id\":\"https:\\\/\\\/use-ua.de\\\/#organization\"},\"alternateName\":\"Lernen Sie Ukrainische Sprache und Kultur in Deutschland, Ukrainische Samstagsschule Erlangen, Ukrainian school Erlangen, \u0423\u043a\u0440\u0430\u0457\u043d\u0441\u044c\u043a\u0430 \u0448\u043a\u043e\u043b\u0430 E\u0440\u043b\u0430\u043d\u0433\u0435\u043d, USE\",\"potentialAction\":[{\"@type\":\"SearchAction\",\"target\":{\"@type\":\"EntryPoint\",\"urlTemplate\":\"https:\\\/\\\/use-ua.de\\\/?s={search_term_string}\"},\"query-input\":{\"@type\":\"PropertyValueSpecification\",\"valueRequired\":true,\"valueName\":\"search_term_string\"}}],\"inLanguage\":\"uk\"},{\"@type\":\"Organization\",\"@id\":\"https:\\\/\\\/use-ua.de\\\/#organization\",\"name\":\"Ukrainische Samstagsschule Erlangen\",\"alternateName\":\"Lernen Sie Ukrainische Sprache und Kultur in Deutschland, Ukrainische Samstagsschule Erlangen, Ukrainian school Erlangen, \u0423\u043a\u0440\u0430\u0457\u043d\u0441\u044c\u043a\u0430 \u0448\u043a\u043e\u043b\u0430 E\u0440\u043b\u0430\u043d\u0433\u0435\u043d, USE\",\"url\":\"https:\\\/\\\/use-ua.de\\\/\",\"logo\":{\"@type\":\"ImageObject\",\"inLanguage\":\"uk\",\"@id\":\"https:\\\/\\\/use-ua.de\\\/#\\\/schema\\\/logo\\\/image\\\/\",\"url\":\"https:\\\/\\\/i0.wp.com\\\/use-ua.de\\\/wp-content\\\/uploads\\\/2022\\\/11\\\/Element-1%404x.png?fit=1802%2C661&ssl=1\",\"contentUrl\":\"https:\\\/\\\/i0.wp.com\\\/use-ua.de\\\/wp-content\\\/uploads\\\/2022\\\/11\\\/Element-1%404x.png?fit=1802%2C661&ssl=1\",\"width\":1802,\"height\":661,\"caption\":\"Ukrainische Samstagsschule Erlangen\"},\"image\":{\"@id\":\"https:\\\/\\\/use-ua.de\\\/#\\\/schema\\\/logo\\\/image\\\/\"},\"sameAs\":[\"https:\\\/\\\/www.facebook.com\\\/UkrSchuleErlangen\"]}]}<\/script>\n<!-- \/ Yoast SEO plugin. -->","yoast_head_json":{"title":"Kontakt - Ukrainische Samstagsschule Erlangen","description":"Kontakt Ukrainische Samstagsschule Erlangen -","robots":{"index":"index","follow":"follow","max-snippet":"max-snippet:-1","max-image-preview":"max-image-preview:large","max-video-preview":"max-video-preview:-1"},"canonical":"https:\/\/use-ua.de\/uk\/kontakt\/","og_locale":"uk_UA","og_type":"article","og_title":"Kontakt - Ukrainische Samstagsschule Erlangen","og_description":"Kontakt Ukrainische Samstagsschule Erlangen -","og_url":"https:\/\/use-ua.de\/uk\/kontakt\/","og_site_name":"Ukrainische Samstagsschule Erlangen","article_publisher":"https:\/\/www.facebook.com\/UkrSchuleErlangen","article_modified_time":"2025-02-12T20:11:52+00:00","og_image":[{"url":"https:\/\/use-ua.de\/wp-content\/uploads\/2022\/07\/Gmail1.png","type":"","width":"","height":""}],"twitter_card":"summary_large_image","schema":{"@context":"https:\/\/schema.org","@graph":[{"@type":"WebPage","@id":"https:\/\/use-ua.de\/kontakt","url":"https:\/\/use-ua.de\/kontakt","name":"Kontakt - Ukrainische Samstagsschule Erlangen","isPartOf":{"@id":"https:\/\/use-ua.de\/#website"},"primaryImageOfPage":{"@id":"https:\/\/use-ua.de\/kontakt#primaryimage"},"image":{"@id":"https:\/\/use-ua.de\/kontakt#primaryimage"},"thumbnailUrl":"https:\/\/use-ua.de\/wp-content\/uploads\/2022\/07\/Gmail1.png","datePublished":"2020-01-27T08:29:32+00:00","dateModified":"2025-02-12T20:11:52+00:00","description":"Kontakt Ukrainische Samstagsschule Erlangen -","breadcrumb":{"@id":"https:\/\/use-ua.de\/kontakt#breadcrumb"},"inLanguage":"uk","potentialAction":[{"@type":"ReadAction","target":["https:\/\/use-ua.de\/kontakt"]}]},{"@type":"ImageObject","inLanguage":"uk","@id":"https:\/\/use-ua.de\/kontakt#primaryimage","url":"https:\/\/use-ua.de\/wp-content\/uploads\/2022\/07\/Gmail1.png","contentUrl":"https:\/\/use-ua.de\/wp-content\/uploads\/2022\/07\/Gmail1.png"},{"@type":"BreadcrumbList","@id":"https:\/\/use-ua.de\/kontakt#breadcrumb","itemListElement":[{"@type":"ListItem","position":1,"name":"Startseite","item":"https:\/\/use-ua.de\/"},{"@type":"ListItem","position":2,"name":"Kontakt"}]},{"@type":"WebSite","@id":"https:\/\/use-ua.de\/#website","url":"https:\/\/use-ua.de\/","name":"\u0423\u043a\u0440\u0430\u0457\u043d\u0441\u044c\u043a\u0430 \u0421\u0443\u0431\u043e\u0442\u043d\u044f \u0428\u043a\u043e\u043b\u0430 \u043c. \u0415\u0440\u043b\u0430\u043d\u0491\u0435\u043d","description":"Lernen Sie Ukrainische Sprache und Kultur in Deutschland, Ukrainische Samstagsschule Erlangen, Ukrainian school Erlangen, \u0423\u043a\u0440\u0430\u0457\u043d\u0441\u044c\u043a\u0430 \u0448\u043a\u043e\u043b\u0430 E\u0440\u043b\u0430\u043d\u0433\u0435\u043d, USE","publisher":{"@id":"https:\/\/use-ua.de\/#organization"},"alternateName":"Lernen Sie Ukrainische Sprache und Kultur in Deutschland, Ukrainische Samstagsschule Erlangen, Ukrainian school Erlangen, \u0423\u043a\u0440\u0430\u0457\u043d\u0441\u044c\u043a\u0430 \u0448\u043a\u043e\u043b\u0430 E\u0440\u043b\u0430\u043d\u0433\u0435\u043d, USE","potentialAction":[{"@type":"SearchAction","target":{"@type":"EntryPoint","urlTemplate":"https:\/\/use-ua.de\/?s={search_term_string}"},"query-input":{"@type":"PropertyValueSpecification","valueRequired":true,"valueName":"search_term_string"}}],"inLanguage":"uk"},{"@type":"Organization","@id":"https:\/\/use-ua.de\/#organization","name":"\u0423\u043a\u0440\u0430\u0457\u043d\u0441\u044c\u043a\u0430 \u0421\u0443\u0431\u043e\u0442\u043d\u044f \u0428\u043a\u043e\u043b\u0430 \u043c. \u0415\u0440\u043b\u0430\u043d\u0491\u0435\u043d","alternateName":"Lernen Sie Ukrainische Sprache und Kultur in Deutschland, Ukrainische Samstagsschule Erlangen, Ukrainian school Erlangen, \u0423\u043a\u0440\u0430\u0457\u043d\u0441\u044c\u043a\u0430 \u0448\u043a\u043e\u043b\u0430 E\u0440\u043b\u0430\u043d\u0433\u0435\u043d, USE","url":"https:\/\/use-ua.de\/","logo":{"@type":"ImageObject","inLanguage":"uk","@id":"https:\/\/use-ua.de\/#\/schema\/logo\/image\/","url":"https:\/\/i0.wp.com\/use-ua.de\/wp-content\/uploads\/2022\/11\/Element-1%404x.png?fit=1802%2C661&ssl=1","contentUrl":"https:\/\/i0.wp.com\/use-ua.de\/wp-content\/uploads\/2022\/11\/Element-1%404x.png?fit=1802%2C661&ssl=1","width":1802,"height":661,"caption":"Ukrainische Samstagsschule Erlangen"},"image":{"@id":"https:\/\/use-ua.de\/#\/schema\/logo\/image\/"},"sameAs":["https:\/\/www.facebook.com\/UkrSchuleErlangen"]}]}},"jetpack-related-posts":[{"id":71,"url":"https:\/\/use-ua.de\/uk\/start\/registrierung","url_meta":{"origin":75,"position":0},"title":"\u0420\u0435\u0454\u0441\u0442\u0440\u0430\u0446\u0456\u044f","author":"USE","date":"27 \u0421\u0456\u0447\u043d\u044f, 2020","format":false,"excerpt":"Bitte registrieren Sie sich f\u00fcr das neue Schuljahr \u00fcber den Link an und f\u00fcllen Sie die Pflichtfelder aus. Wir werden Sie nach Ablauf der Anmeldefrist bis zum 15. August 2024 kontaktieren Registrierung","rel":"","context":"\u0421\u0445\u043e\u0436\u0438\u0439 \u0437\u0430\u043f\u0438\u0441","block_context":{"text":"\u0421\u0445\u043e\u0436\u0438\u0439 \u0437\u0430\u043f\u0438\u0441","link":""},"img":{"alt_text":"","src":"https:\/\/i0.wp.com\/use-ua.de\/wp-content\/uploads\/2022\/07\/pexels-andrea-piacquadio-3791242-r.jpg?resize=350%2C200&ssl=1","width":350,"height":200,"srcset":"https:\/\/i0.wp.com\/use-ua.de\/wp-content\/uploads\/2022\/07\/pexels-andrea-piacquadio-3791242-r.jpg?resize=350%2C200&ssl=1 1x, https:\/\/i0.wp.com\/use-ua.de\/wp-content\/uploads\/2022\/07\/pexels-andrea-piacquadio-3791242-r.jpg?resize=525%2C300&ssl=1 1.5x, https:\/\/i0.wp.com\/use-ua.de\/wp-content\/uploads\/2022\/07\/pexels-andrea-piacquadio-3791242-r.jpg?resize=700%2C400&ssl=1 2x, https:\/\/i0.wp.com\/use-ua.de\/wp-content\/uploads\/2022\/07\/pexels-andrea-piacquadio-3791242-r.jpg?resize=1050%2C600&ssl=1 3x"},"classes":[]}],"jetpack_sharing_enabled":true,"_links":{"self":[{"href":"https:\/\/use-ua.de\/uk\/wp-json\/wp\/v2\/pages\/75","targetHints":{"allow":["GET"]}}],"collection":[{"href":"https:\/\/use-ua.de\/uk\/wp-json\/wp\/v2\/pages"}],"about":[{"href":"https:\/\/use-ua.de\/uk\/wp-json\/wp\/v2\/types\/page"}],"author":[{"embeddable":true,"href":"https:\/\/use-ua.de\/uk\/wp-json\/wp\/v2\/users\/1"}],"replies":[{"embeddable":true,"href":"https:\/\/use-ua.de\/uk\/wp-json\/wp\/v2\/comments?post=75"}],"version-history":[{"count":18,"href":"https:\/\/use-ua.de\/uk\/wp-json\/wp\/v2\/pages\/75\/revisions"}],"predecessor-version":[{"id":574,"href":"https:\/\/use-ua.de\/uk\/wp-json\/wp\/v2\/pages\/75\/revisions\/574"}],"wp:attachment":[{"href":"https:\/\/use-ua.de\/uk\/wp-json\/wp\/v2\/media?parent=75"}],"curies":[{"name":"wp","href":"https:\/\/api.w.org\/{rel}","templated":true}]}}