{"id":61,"date":"2020-01-23T18:21:52","date_gmt":"2020-01-23T18:21:52","guid":{"rendered":"https:\/\/demosites.io\/web-agency-gb\/?page_id=61"},"modified":"2022-08-01T19:56:24","modified_gmt":"2022-08-01T19:56:24","slug":"ueber_uns","status":"publish","type":"page","link":"https:\/\/use-ua.de\/uk\/ueber_uns","title":{"rendered":"\u041f\u0440\u043e \u043d\u0430\u0441"},"content":{"rendered":"<div class=\"wp-block-cover alignfull\" style=\"min-height:600px;aspect-ratio:unset;\"><span aria-hidden=\"true\" class=\"wp-block-cover__background has-nv-light-bg-background-color has-background-dim\"><\/span><div class=\"wp-block-cover__inner-container is-layout-flow wp-block-cover-is-layout-flow\">\n<div class=\"wp-block-columns is-layout-flex wp-container-core-columns-is-layout-9d6595d7 wp-block-columns-is-layout-flex\">\n<div class=\"wp-block-column is-layout-flow wp-block-column-is-layout-flow\">\n<figure class=\"wp-block-image size-large\"><img data-recalc-dims=\"1\" loading=\"lazy\" decoding=\"async\" width=\"1024\" height=\"768\" src=\"https:\/\/i0.wp.com\/use-ua.de\/wp-content\/uploads\/2022\/07\/Ukrshkola1.jpg?resize=1024%2C768&#038;ssl=1\" alt=\"\" class=\"wp-image-552\" srcset=\"https:\/\/i0.wp.com\/use-ua.de\/wp-content\/uploads\/2022\/07\/Ukrshkola1.jpg?resize=1024%2C768&amp;ssl=1 1024w, https:\/\/i0.wp.com\/use-ua.de\/wp-content\/uploads\/2022\/07\/Ukrshkola1.jpg?resize=300%2C225&amp;ssl=1 300w, https:\/\/i0.wp.com\/use-ua.de\/wp-content\/uploads\/2022\/07\/Ukrshkola1.jpg?resize=768%2C576&amp;ssl=1 768w, https:\/\/i0.wp.com\/use-ua.de\/wp-content\/uploads\/2022\/07\/Ukrshkola1.jpg?resize=1536%2C1152&amp;ssl=1 1536w, https:\/\/i0.wp.com\/use-ua.de\/wp-content\/uploads\/2022\/07\/Ukrshkola1.jpg?resize=16%2C12&amp;ssl=1 16w, https:\/\/i0.wp.com\/use-ua.de\/wp-content\/uploads\/2022\/07\/Ukrshkola1.jpg?w=1600&amp;ssl=1 1600w\" sizes=\"auto, (max-width: 1024px) 100vw, 1024px\" \/><\/figure>\n<\/div>\n\n\n\n<div class=\"wp-block-column is-layout-flow wp-block-column-is-layout-flow\">\n<h3 class=\"has-neve-text-color-color has-text-color wp-block-heading\">\u041d\u0430\u0448\u0430 \u0456\u0441\u0442\u043e\u0440\u0456\u044f<\/h3>\n\n\n\n<p class=\"has-neve-text-color-color has-text-color\">\u0423\u043a\u0440\u0430\u0457\u043d\u0441\u044c\u043a\u0430 \u0421\u0443\u0431\u043e\u0442\u043d\u044f \u0448\u043a\u043e\u043b\u0430 \u043c. \u0415\u0440\u043b\u0430\u043d\u0491\u0435\u043d \u0446\u0435 \u0433\u0440\u043e\u043c\u0430\u0434\u0441\u044c\u043a\u0430 \u043d\u0456\u043c\u0435\u0446\u044c\u043a\u043e-\u0443\u043a\u0440\u0430\u0457\u043d\u0441\u044c\u043a\u0430 \u043d\u0435\u043f\u0440\u0438\u0431\u0443\u0442\u043a\u043e\u0432\u0430 \u043e\u0440\u0433\u0430\u043d\u0456\u0437\u0430\u0446\u0456\u044f, \u044f\u043a\u0430 \u0431\u0443\u043b\u0430 \u0437\u0430\u0441\u043d\u043e\u0432\u0430\u043d\u0430 \u0432 2016 \u0440\u043e\u0446\u0456.<\/p>\n\n\n\n<p class=\"has-neve-text-color-color has-text-color\">Zu den Aufgaben der Ukrainischen Samstagsschule Erlangen geh\u00f6rt die Pflege der ukrainischen Kultur im Zusammenspiel mit der deutschen Kultur, die F\u00f6rderung der kulturellen Bindungen zwischen Deutschland und der Ukraine, sowie die Hilfe bei der Integration neu zugewanderter Sch\u00fclerinnen und Sch\u00fcler und ihrer Familien in Deutschland.<\/p>\n\n\n\n<p class=\"has-neve-text-color-color has-text-color\">\u041e\u0441\u043d\u043e\u0432\u043d\u0438\u043c\u0438 \u043f\u0440\u0435\u0434\u043c\u0435\u0442\u0430\u043c\u0438 \u044f\u043a\u0456 \u0432\u0438\u0432\u0447\u0430\u044e\u0442\u044c\u0441\u044f \u0432 \u0448\u043a\u043e\u043b\u0456 \u0454 \u0443\u043a\u0440\u0430\u0457\u043d\u0441\u044c\u043a\u0430 \u043c\u043e\u0432\u0430 \u0442\u0430 \u043b\u0456\u0442\u0435\u0440\u0430\u0442\u0443\u0440\u0430, \u043c\u0430\u0442\u0435\u043c\u0430\u0442\u0438\u043a\u0430 \u0430 \u0442\u0430\u043a\u043e\u0436 \u0456\u0441\u0442\u043e\u0440\u0456\u044f \u0423\u043a\u0440\u0430\u0457\u043d\u0438. \u041d\u0430\u0432\u0447\u0430\u043d\u043d\u044f \u043f\u0440\u043e\u0432\u043e\u0434\u0438\u0442\u044c\u0441\u044f \u0432\u0438\u043a\u043b\u044e\u0447\u043d\u043e \u0443\u043a\u0440\u0430\u0457\u043d\u0441\u044c\u043a\u043e\u044e \u043c\u043e\u0432\u043e\u044e.<\/p>\n<\/div>\n<\/div>\n<\/div><\/div>\n\n\n\n<div class=\"wp-block-cover alignfull\" style=\"min-height:420px;aspect-ratio:unset;\"><span aria-hidden=\"true\" class=\"wp-block-cover__background has-nv-site-bg-background-color has-background-dim-100 has-background-dim\"><\/span><div class=\"wp-block-cover__inner-container is-layout-flow wp-block-cover-is-layout-flow\">\n<div class=\"wp-block-columns is-layout-flex wp-container-core-columns-is-layout-9d6595d7 wp-block-columns-is-layout-flex\">\n<div class=\"wp-block-column ticss-4ce656f1 is-layout-flow wp-block-column-is-layout-flow\">\n<figure class=\"wp-block-image size-large icon-style is-style-rounded\"><img data-recalc-dims=\"1\" loading=\"lazy\" decoding=\"async\" width=\"72\" height=\"72\" src=\"https:\/\/i0.wp.com\/use-ua.de\/wp-content\/uploads\/2020\/01\/neve-webdesign-GB-03.png?resize=72%2C72&#038;ssl=1\" alt=\"\" class=\"wp-image-20\"\/><\/figure>\n\n\n\n<h3 class=\"has-text-align-left has-text-align-center has-neve-text-color-color has-text-color wp-block-heading\">\u0406\u043d\u0434\u0438\u0432\u0456\u0434\u0443\u0430\u043b\u044c\u043d\u0438\u0439 \u043f\u0456\u0434\u0445\u0456\u0434<\/h3>\n\n\n\n<p class=\"has-text-align-left has-neve-text-color-color has-text-color\" style=\"font-size:15px\">\u041d\u0430\u0448\u0438\u043c \u0437\u0430\u0432\u0434\u0430\u043d\u043d\u044f\u043c \u0454 \u0456\u043d\u0434\u0438\u0432\u0456\u0434\u0443\u0430\u043b\u044c\u043d\u0438\u0439 \u043f\u0456\u0434\u0445\u0456\u0434 \u0442\u0430 \u044f\u043a\u0456\u0441\u043d\u0430 \u043e\u0441\u0432\u0456\u0442\u0430 \u0434\u043b\u044f \u0434\u0438\u0442\u0438\u043d\u0438.<\/p>\n\n\n\n<div style=\"height:20px\" aria-hidden=\"true\" class=\"wp-block-spacer\"><\/div>\n<\/div>\n\n\n\n<div class=\"wp-block-column ticss-f6fc7494 is-layout-flow wp-block-column-is-layout-flow\">\n<figure class=\"wp-block-image size-large icon-style is-style-rounded\"><img data-recalc-dims=\"1\" loading=\"lazy\" decoding=\"async\" width=\"72\" height=\"72\" src=\"https:\/\/i0.wp.com\/use-ua.de\/wp-content\/uploads\/2020\/01\/neve-webdesign-GB-03.png?resize=72%2C72&#038;ssl=1\" alt=\"\" class=\"wp-image-20\"\/><\/figure>\n\n\n\n<h3 class=\"has-text-align-left has-text-align-center has-neve-text-color-color has-text-color wp-block-heading\">\u0410\u0441\u043e\u0446\u0456\u0430\u0442\u0438\u0432\u043d\u0435 \u043d\u0430\u0432\u0447\u0430\u043d\u043d\u044f<\/h3>\n\n\n\n<p class=\"has-text-align-left has-neve-text-color-color has-text-color\" style=\"font-size:15px\">\u041f\u0440\u0438 \u043d\u0430\u0432\u0447\u0430\u043d\u043d\u0456 \u0432 \u043f\u043e\u0447\u0430\u0442\u043a\u043e\u0432\u0438\u0445 \u043a\u043b\u0430\u0441\u0430\u0445 \u043c\u0438 \u0432\u0438\u043a\u043e\u0440\u0438\u0441\u0442\u043e\u0432\u0443\u0454\u043c\u043e \u043c\u0435\u0442\u043e\u0434\u0438 \u0430\u0441\u043e\u0446\u0456\u0430\u0442\u0438\u0432\u043d\u043e\u0433\u043e \u043d\u0430\u0432\u0447\u0430\u043d\u043d\u044f, \u0443 \u043f\u0440\u043e\u0446\u0435\u0441\u0456 \u043d\u0430\u0432\u0447\u0430\u043d\u043d\u044f \u0444\u043e\u0440\u043c\u0443\u0454\u043c\u043e \u043a\u0440\u0435\u0430\u0442\u0438\u0432\u043d\u0456 \u0437\u0434\u0456\u0431\u043d\u043e\u0441\u0442\u0456 \u043c\u043e\u043b\u043e\u0434\u0448\u0438\u0445 \u0448\u043a\u043e\u043b\u044f\u0440\u0456\u0432.<\/p>\n\n\n\n<div style=\"height:20px\" aria-hidden=\"true\" class=\"wp-block-spacer\"><\/div>\n<\/div>\n\n\n\n<div class=\"wp-block-column ticss-a5b4df29 is-layout-flow wp-block-column-is-layout-flow\">\n<figure class=\"wp-block-image size-large icon-style is-style-rounded\"><img data-recalc-dims=\"1\" loading=\"lazy\" decoding=\"async\" width=\"72\" height=\"72\" src=\"https:\/\/i0.wp.com\/use-ua.de\/wp-content\/uploads\/2020\/01\/neve-webdesign-GB-03.png?resize=72%2C72&#038;ssl=1\" alt=\"\" class=\"wp-image-20\"\/><\/figure>\n\n\n\n<h3 class=\"has-text-align-left has-text-align-center has-neve-text-color-color has-text-color wp-block-heading\">\u0413\u0440\u0443\u043f\u0430 \u0434\u043e\u0448\u043a\u0456\u043b\u044c\u043d\u044f\u0442<\/h3>\n\n\n\n<p class=\"has-text-align-left has-neve-text-color-color has-text-color\" style=\"font-size:15px\">\u041f\u0440\u0438 \u0448\u043a\u043e\u043b\u0456 \u0441\u0442\u0432\u043e\u0440\u0435\u043d\u0430 \u0433\u0440\u0443\u043f\u0430 \u0434\u043e\u0448\u043a\u0456\u043b\u044c\u043d\u044f\u0442 \u0432\u0456\u043a\u043e\u043c \u0432\u0456\u0434 5 \u0434\u043e 6 \u0440\u043e\u043a\u0456\u0432.<\/p>\n\n\n\n<div style=\"height:20px\" aria-hidden=\"true\" class=\"wp-block-spacer\"><\/div>\n<\/div>\n<\/div>\n\n\n\n<div style=\"height:30px\" aria-hidden=\"true\" class=\"wp-block-spacer\"><\/div>\n<\/div><\/div>","protected":false},"excerpt":{"rendered":"","protected":false},"author":1,"featured_media":0,"parent":0,"menu_order":0,"comment_status":"closed","ping_status":"closed","template":"","meta":{"neve_meta_sidebar":"default","neve_meta_container":"default","neve_meta_enable_content_width":"on","neve_meta_content_width":100,"neve_meta_title_alignment":"","neve_meta_author_avatar":"","neve_post_elements_order":"","neve_meta_disable_header":"","neve_meta_disable_footer":"","neve_meta_disable_title":"on","footnotes":""},"class_list":["post-61","page","type-page","status-publish","hentry"],"yoast_head":"<!-- This site is optimized with the Yoast SEO plugin v27.3 - https:\/\/yoast.com\/product\/yoast-seo-wordpress\/ -->\n<title>\u00dcber uns - Ukrainische Samstagsschule Erlangen<\/title>\n<meta name=\"description\" content=\"\u00dcber uns Ukrainische Samstagsschule Erlangen -\" \/>\n<meta name=\"robots\" content=\"index, follow, max-snippet:-1, max-image-preview:large, max-video-preview:-1\" \/>\n<link rel=\"canonical\" href=\"https:\/\/use-ua.de\/uk\/ueber_uns\/\" \/>\n<meta property=\"og:locale\" content=\"uk_UA\" \/>\n<meta property=\"og:type\" content=\"article\" \/>\n<meta property=\"og:title\" content=\"\u00dcber uns - Ukrainische Samstagsschule Erlangen\" \/>\n<meta property=\"og:description\" content=\"\u00dcber uns Ukrainische Samstagsschule Erlangen -\" \/>\n<meta property=\"og:url\" content=\"https:\/\/use-ua.de\/uk\/ueber_uns\/\" \/>\n<meta property=\"og:site_name\" content=\"Ukrainische Samstagsschule Erlangen\" \/>\n<meta property=\"article:publisher\" content=\"https:\/\/www.facebook.com\/UkrSchuleErlangen\" \/>\n<meta property=\"article:modified_time\" content=\"2022-08-01T19:56:24+00:00\" \/>\n<meta property=\"og:image\" content=\"https:\/\/use-ua.de\/wp-content\/uploads\/2022\/07\/Ukrshkola1-1024x768.jpg\" \/>\n<meta name=\"twitter:card\" content=\"summary_large_image\" \/>\n<meta name=\"twitter:label1\" content=\"\u041f\u0440\u0438\u0431\u043b. \u0447\u0430\u0441 \u0447\u0438\u0442\u0430\u043d\u043d\u044f\" \/>\n\t<meta name=\"twitter:data1\" content=\"1 \u0445\u0432\u0438\u043b\u0438\u043d\u0430\" \/>\n<script type=\"application\/ld+json\" class=\"yoast-schema-graph\">{\"@context\":\"https:\\\/\\\/schema.org\",\"@graph\":[{\"@type\":\"WebPage\",\"@id\":\"https:\\\/\\\/use-ua.de\\\/ueber_uns\",\"url\":\"https:\\\/\\\/use-ua.de\\\/ueber_uns\",\"name\":\"\u00dcber uns - Ukrainische Samstagsschule Erlangen\",\"isPartOf\":{\"@id\":\"https:\\\/\\\/use-ua.de\\\/#website\"},\"primaryImageOfPage\":{\"@id\":\"https:\\\/\\\/use-ua.de\\\/ueber_uns#primaryimage\"},\"image\":{\"@id\":\"https:\\\/\\\/use-ua.de\\\/ueber_uns#primaryimage\"},\"thumbnailUrl\":\"https:\\\/\\\/use-ua.de\\\/wp-content\\\/uploads\\\/2022\\\/07\\\/Ukrshkola1-1024x768.jpg\",\"datePublished\":\"2020-01-23T18:21:52+00:00\",\"dateModified\":\"2022-08-01T19:56:24+00:00\",\"description\":\"\u00dcber uns Ukrainische Samstagsschule Erlangen -\",\"breadcrumb\":{\"@id\":\"https:\\\/\\\/use-ua.de\\\/ueber_uns#breadcrumb\"},\"inLanguage\":\"uk\",\"potentialAction\":[{\"@type\":\"ReadAction\",\"target\":[\"https:\\\/\\\/use-ua.de\\\/ueber_uns\"]}]},{\"@type\":\"ImageObject\",\"inLanguage\":\"uk\",\"@id\":\"https:\\\/\\\/use-ua.de\\\/ueber_uns#primaryimage\",\"url\":\"https:\\\/\\\/use-ua.de\\\/wp-content\\\/uploads\\\/2022\\\/07\\\/Ukrshkola1-1024x768.jpg\",\"contentUrl\":\"https:\\\/\\\/use-ua.de\\\/wp-content\\\/uploads\\\/2022\\\/07\\\/Ukrshkola1-1024x768.jpg\"},{\"@type\":\"BreadcrumbList\",\"@id\":\"https:\\\/\\\/use-ua.de\\\/ueber_uns#breadcrumb\",\"itemListElement\":[{\"@type\":\"ListItem\",\"position\":1,\"name\":\"Startseite\",\"item\":\"https:\\\/\\\/use-ua.de\\\/\"},{\"@type\":\"ListItem\",\"position\":2,\"name\":\"\u00dcber uns\"}]},{\"@type\":\"WebSite\",\"@id\":\"https:\\\/\\\/use-ua.de\\\/#website\",\"url\":\"https:\\\/\\\/use-ua.de\\\/\",\"name\":\"Ukrainische Samstagsschule Erlangen\",\"description\":\"Lernen Sie Ukrainische Sprache und Kultur in Deutschland, Ukrainische Samstagsschule Erlangen, Ukrainian school Erlangen, \u0423\u043a\u0440\u0430\u0457\u043d\u0441\u044c\u043a\u0430 \u0448\u043a\u043e\u043b\u0430 E\u0440\u043b\u0430\u043d\u0433\u0435\u043d, USE\",\"publisher\":{\"@id\":\"https:\\\/\\\/use-ua.de\\\/#organization\"},\"alternateName\":\"Lernen Sie Ukrainische Sprache und Kultur in Deutschland, Ukrainische Samstagsschule Erlangen, Ukrainian school Erlangen, \u0423\u043a\u0440\u0430\u0457\u043d\u0441\u044c\u043a\u0430 \u0448\u043a\u043e\u043b\u0430 E\u0440\u043b\u0430\u043d\u0433\u0435\u043d, USE\",\"potentialAction\":[{\"@type\":\"SearchAction\",\"target\":{\"@type\":\"EntryPoint\",\"urlTemplate\":\"https:\\\/\\\/use-ua.de\\\/?s={search_term_string}\"},\"query-input\":{\"@type\":\"PropertyValueSpecification\",\"valueRequired\":true,\"valueName\":\"search_term_string\"}}],\"inLanguage\":\"uk\"},{\"@type\":\"Organization\",\"@id\":\"https:\\\/\\\/use-ua.de\\\/#organization\",\"name\":\"Ukrainische Samstagsschule Erlangen\",\"alternateName\":\"Lernen Sie Ukrainische Sprache und Kultur in Deutschland, Ukrainische Samstagsschule Erlangen, Ukrainian school Erlangen, \u0423\u043a\u0440\u0430\u0457\u043d\u0441\u044c\u043a\u0430 \u0448\u043a\u043e\u043b\u0430 E\u0440\u043b\u0430\u043d\u0433\u0435\u043d, USE\",\"url\":\"https:\\\/\\\/use-ua.de\\\/\",\"logo\":{\"@type\":\"ImageObject\",\"inLanguage\":\"uk\",\"@id\":\"https:\\\/\\\/use-ua.de\\\/#\\\/schema\\\/logo\\\/image\\\/\",\"url\":\"https:\\\/\\\/i0.wp.com\\\/use-ua.de\\\/wp-content\\\/uploads\\\/2022\\\/11\\\/Element-1%404x.png?fit=1802%2C661&ssl=1\",\"contentUrl\":\"https:\\\/\\\/i0.wp.com\\\/use-ua.de\\\/wp-content\\\/uploads\\\/2022\\\/11\\\/Element-1%404x.png?fit=1802%2C661&ssl=1\",\"width\":1802,\"height\":661,\"caption\":\"Ukrainische Samstagsschule Erlangen\"},\"image\":{\"@id\":\"https:\\\/\\\/use-ua.de\\\/#\\\/schema\\\/logo\\\/image\\\/\"},\"sameAs\":[\"https:\\\/\\\/www.facebook.com\\\/UkrSchuleErlangen\"]}]}<\/script>\n<!-- \/ Yoast SEO plugin. -->","yoast_head_json":{"title":"\u00dcber uns - Ukrainische Samstagsschule Erlangen","description":"\u00dcber uns Ukrainische Samstagsschule Erlangen -","robots":{"index":"index","follow":"follow","max-snippet":"max-snippet:-1","max-image-preview":"max-image-preview:large","max-video-preview":"max-video-preview:-1"},"canonical":"https:\/\/use-ua.de\/uk\/ueber_uns\/","og_locale":"uk_UA","og_type":"article","og_title":"\u00dcber uns - Ukrainische Samstagsschule Erlangen","og_description":"\u00dcber uns Ukrainische Samstagsschule Erlangen -","og_url":"https:\/\/use-ua.de\/uk\/ueber_uns\/","og_site_name":"Ukrainische Samstagsschule Erlangen","article_publisher":"https:\/\/www.facebook.com\/UkrSchuleErlangen","article_modified_time":"2022-08-01T19:56:24+00:00","og_image":[{"url":"https:\/\/use-ua.de\/wp-content\/uploads\/2022\/07\/Ukrshkola1-1024x768.jpg","type":"","width":"","height":""}],"twitter_card":"summary_large_image","twitter_misc":{"\u041f\u0440\u0438\u0431\u043b. \u0447\u0430\u0441 \u0447\u0438\u0442\u0430\u043d\u043d\u044f":"1 \u0445\u0432\u0438\u043b\u0438\u043d\u0430"},"schema":{"@context":"https:\/\/schema.org","@graph":[{"@type":"WebPage","@id":"https:\/\/use-ua.de\/ueber_uns","url":"https:\/\/use-ua.de\/ueber_uns","name":"\u00dcber uns - Ukrainische Samstagsschule Erlangen","isPartOf":{"@id":"https:\/\/use-ua.de\/#website"},"primaryImageOfPage":{"@id":"https:\/\/use-ua.de\/ueber_uns#primaryimage"},"image":{"@id":"https:\/\/use-ua.de\/ueber_uns#primaryimage"},"thumbnailUrl":"https:\/\/use-ua.de\/wp-content\/uploads\/2022\/07\/Ukrshkola1-1024x768.jpg","datePublished":"2020-01-23T18:21:52+00:00","dateModified":"2022-08-01T19:56:24+00:00","description":"\u00dcber uns Ukrainische Samstagsschule Erlangen -","breadcrumb":{"@id":"https:\/\/use-ua.de\/ueber_uns#breadcrumb"},"inLanguage":"uk","potentialAction":[{"@type":"ReadAction","target":["https:\/\/use-ua.de\/ueber_uns"]}]},{"@type":"ImageObject","inLanguage":"uk","@id":"https:\/\/use-ua.de\/ueber_uns#primaryimage","url":"https:\/\/use-ua.de\/wp-content\/uploads\/2022\/07\/Ukrshkola1-1024x768.jpg","contentUrl":"https:\/\/use-ua.de\/wp-content\/uploads\/2022\/07\/Ukrshkola1-1024x768.jpg"},{"@type":"BreadcrumbList","@id":"https:\/\/use-ua.de\/ueber_uns#breadcrumb","itemListElement":[{"@type":"ListItem","position":1,"name":"Startseite","item":"https:\/\/use-ua.de\/"},{"@type":"ListItem","position":2,"name":"\u00dcber uns"}]},{"@type":"WebSite","@id":"https:\/\/use-ua.de\/#website","url":"https:\/\/use-ua.de\/","name":"\u0423\u043a\u0440\u0430\u0457\u043d\u0441\u044c\u043a\u0430 \u0421\u0443\u0431\u043e\u0442\u043d\u044f \u0428\u043a\u043e\u043b\u0430 \u043c. \u0415\u0440\u043b\u0430\u043d\u0491\u0435\u043d","description":"Lernen Sie Ukrainische Sprache und Kultur in Deutschland, Ukrainische Samstagsschule Erlangen, Ukrainian school Erlangen, \u0423\u043a\u0440\u0430\u0457\u043d\u0441\u044c\u043a\u0430 \u0448\u043a\u043e\u043b\u0430 E\u0440\u043b\u0430\u043d\u0433\u0435\u043d, USE","publisher":{"@id":"https:\/\/use-ua.de\/#organization"},"alternateName":"Lernen Sie Ukrainische Sprache und Kultur in Deutschland, Ukrainische Samstagsschule Erlangen, Ukrainian school Erlangen, \u0423\u043a\u0440\u0430\u0457\u043d\u0441\u044c\u043a\u0430 \u0448\u043a\u043e\u043b\u0430 E\u0440\u043b\u0430\u043d\u0433\u0435\u043d, USE","potentialAction":[{"@type":"SearchAction","target":{"@type":"EntryPoint","urlTemplate":"https:\/\/use-ua.de\/?s={search_term_string}"},"query-input":{"@type":"PropertyValueSpecification","valueRequired":true,"valueName":"search_term_string"}}],"inLanguage":"uk"},{"@type":"Organization","@id":"https:\/\/use-ua.de\/#organization","name":"\u0423\u043a\u0440\u0430\u0457\u043d\u0441\u044c\u043a\u0430 \u0421\u0443\u0431\u043e\u0442\u043d\u044f \u0428\u043a\u043e\u043b\u0430 \u043c. \u0415\u0440\u043b\u0430\u043d\u0491\u0435\u043d","alternateName":"Lernen Sie Ukrainische Sprache und Kultur in Deutschland, Ukrainische Samstagsschule Erlangen, Ukrainian school Erlangen, \u0423\u043a\u0440\u0430\u0457\u043d\u0441\u044c\u043a\u0430 \u0448\u043a\u043e\u043b\u0430 E\u0440\u043b\u0430\u043d\u0433\u0435\u043d, USE","url":"https:\/\/use-ua.de\/","logo":{"@type":"ImageObject","inLanguage":"uk","@id":"https:\/\/use-ua.de\/#\/schema\/logo\/image\/","url":"https:\/\/i0.wp.com\/use-ua.de\/wp-content\/uploads\/2022\/11\/Element-1%404x.png?fit=1802%2C661&ssl=1","contentUrl":"https:\/\/i0.wp.com\/use-ua.de\/wp-content\/uploads\/2022\/11\/Element-1%404x.png?fit=1802%2C661&ssl=1","width":1802,"height":661,"caption":"Ukrainische Samstagsschule Erlangen"},"image":{"@id":"https:\/\/use-ua.de\/#\/schema\/logo\/image\/"},"sameAs":["https:\/\/www.facebook.com\/UkrSchuleErlangen"]}]}},"jetpack-related-posts":[{"id":69,"url":"https:\/\/use-ua.de\/uk\/unterricht","url_meta":{"origin":61,"position":0},"title":"\u041e\u0441\u0432\u0456\u0442\u043d\u044f \u043f\u0440\u043e\u0433\u0440\u0430\u043c\u0430","author":"USE","date":"27 \u0421\u0456\u0447\u043d\u044f, 2020","format":false,"excerpt":"Unterricht Die Hauptf\u00e4cher, die in der Schule unterrichtet werden, sind die ukrainische Sprache und Literatur, Mathematik und die Geschichte der Ukraine. Der Unterricht wird ausschlie\u00dflich in ukrainischer Sprache durchgef\u00fchrt. Unsere Aufgabe ist eine individuelle Herangehensweise und qualitativ hochwertige Bildung f\u00fcr das Kind. Deshalb hat die Schule ein spezielles Programm f\u00fcr\u2026","rel":"","context":"\u0421\u0445\u043e\u0436\u0438\u0439 \u0437\u0430\u043f\u0438\u0441","block_context":{"text":"\u0421\u0445\u043e\u0436\u0438\u0439 \u0437\u0430\u043f\u0438\u0441","link":""},"img":{"alt_text":"","src":"https:\/\/i0.wp.com\/use-ua.de\/wp-content\/uploads\/2022\/07\/pexels-pixabay-256541-scaled.jpg?resize=350%2C200&ssl=1","width":350,"height":200,"srcset":"https:\/\/i0.wp.com\/use-ua.de\/wp-content\/uploads\/2022\/07\/pexels-pixabay-256541-scaled.jpg?resize=350%2C200&ssl=1 1x, https:\/\/i0.wp.com\/use-ua.de\/wp-content\/uploads\/2022\/07\/pexels-pixabay-256541-scaled.jpg?resize=525%2C300&ssl=1 1.5x, https:\/\/i0.wp.com\/use-ua.de\/wp-content\/uploads\/2022\/07\/pexels-pixabay-256541-scaled.jpg?resize=700%2C400&ssl=1 2x, https:\/\/i0.wp.com\/use-ua.de\/wp-content\/uploads\/2022\/07\/pexels-pixabay-256541-scaled.jpg?resize=1050%2C600&ssl=1 3x, https:\/\/i0.wp.com\/use-ua.de\/wp-content\/uploads\/2022\/07\/pexels-pixabay-256541-scaled.jpg?resize=1400%2C800&ssl=1 4x"},"classes":[]},{"id":5,"url":"https:\/\/use-ua.de\/uk\/","url_meta":{"origin":61,"position":1},"title":"\u0413\u043e\u043b\u043e\u0432\u043d\u0430","author":"USE","date":"13 \u0421\u0456\u0447\u043d\u044f, 2020","format":false,"excerpt":"Willkommen bei der Ukrainischen Samstagsschule der Stadt Erlangen \u00dcber uns Registrierung","rel":"","context":"\u0421\u0445\u043e\u0436\u0438\u0439 \u0437\u0430\u043f\u0438\u0441","block_context":{"text":"\u0421\u0445\u043e\u0436\u0438\u0439 \u0437\u0430\u043f\u0438\u0441","link":""},"img":{"alt_text":"","src":"https:\/\/i0.wp.com\/use-ua.de\/wp-content\/uploads\/2022\/07\/Karpaty.jpg?resize=350%2C200&ssl=1","width":350,"height":200,"srcset":"https:\/\/i0.wp.com\/use-ua.de\/wp-content\/uploads\/2022\/07\/Karpaty.jpg?resize=350%2C200&ssl=1 1x, https:\/\/i0.wp.com\/use-ua.de\/wp-content\/uploads\/2022\/07\/Karpaty.jpg?resize=525%2C300&ssl=1 1.5x, https:\/\/i0.wp.com\/use-ua.de\/wp-content\/uploads\/2022\/07\/Karpaty.jpg?resize=700%2C400&ssl=1 2x, https:\/\/i0.wp.com\/use-ua.de\/wp-content\/uploads\/2022\/07\/Karpaty.jpg?resize=1050%2C600&ssl=1 3x, https:\/\/i0.wp.com\/use-ua.de\/wp-content\/uploads\/2022\/07\/Karpaty.jpg?resize=1400%2C800&ssl=1 4x"},"classes":[]},{"id":71,"url":"https:\/\/use-ua.de\/uk\/start\/registrierung","url_meta":{"origin":61,"position":2},"title":"\u0420\u0435\u0454\u0441\u0442\u0440\u0430\u0446\u0456\u044f","author":"USE","date":"27 \u0421\u0456\u0447\u043d\u044f, 2020","format":false,"excerpt":"Bitte registrieren Sie sich f\u00fcr das neue Schuljahr \u00fcber den Link an und f\u00fcllen Sie die Pflichtfelder aus. Wir werden Sie nach Ablauf der Anmeldefrist bis zum 15. August 2024 kontaktieren Registrierung","rel":"","context":"\u0421\u0445\u043e\u0436\u0438\u0439 \u0437\u0430\u043f\u0438\u0441","block_context":{"text":"\u0421\u0445\u043e\u0436\u0438\u0439 \u0437\u0430\u043f\u0438\u0441","link":""},"img":{"alt_text":"","src":"https:\/\/i0.wp.com\/use-ua.de\/wp-content\/uploads\/2022\/07\/pexels-andrea-piacquadio-3791242-r.jpg?resize=350%2C200&ssl=1","width":350,"height":200,"srcset":"https:\/\/i0.wp.com\/use-ua.de\/wp-content\/uploads\/2022\/07\/pexels-andrea-piacquadio-3791242-r.jpg?resize=350%2C200&ssl=1 1x, https:\/\/i0.wp.com\/use-ua.de\/wp-content\/uploads\/2022\/07\/pexels-andrea-piacquadio-3791242-r.jpg?resize=525%2C300&ssl=1 1.5x, https:\/\/i0.wp.com\/use-ua.de\/wp-content\/uploads\/2022\/07\/pexels-andrea-piacquadio-3791242-r.jpg?resize=700%2C400&ssl=1 2x, https:\/\/i0.wp.com\/use-ua.de\/wp-content\/uploads\/2022\/07\/pexels-andrea-piacquadio-3791242-r.jpg?resize=1050%2C600&ssl=1 3x"},"classes":[]},{"id":75,"url":"https:\/\/use-ua.de\/uk\/kontakt","url_meta":{"origin":61,"position":3},"title":"\u041a\u043e\u043d\u0442\u0430\u043a\u0442\u0438","author":"USE","date":"27 \u0421\u0456\u0447\u043d\u044f, 2020","format":false,"excerpt":"Kontaktieren Sie unsTel. +49 152 08479536 E-Mail Facebook Adresse Folgen Sie Facebook f\u00fcr die aktuelle Adresse","rel":"","context":"\u0421\u0445\u043e\u0436\u0438\u0439 \u0437\u0430\u043f\u0438\u0441","block_context":{"text":"\u0421\u0445\u043e\u0436\u0438\u0439 \u0437\u0430\u043f\u0438\u0441","link":""},"img":{"alt_text":"","src":"https:\/\/i0.wp.com\/use-ua.de\/wp-content\/uploads\/2022\/07\/Gmail1.png?resize=350%2C200&ssl=1","width":350,"height":200},"classes":[]},{"id":489,"url":"https:\/\/use-ua.de\/uk\/folklorekreis","url_meta":{"origin":61,"position":4},"title":"\u0424\u043e\u043b\u044c\u043a\u043b\u043e\u0440\u043d\u0430 \u0441\u0442\u0443\u0434\u0456\u044f","author":"USE","date":"29 \u041b\u0438\u043f\u043d\u044f, 2022","format":false,"excerpt":"An der Schule wurde ein Folklorestudio eingerichtet, in dem Kinder unter professioneller Anleitung eines Musik- und Gesangslehrers die Methode von Karl Orff und sein \u201eaktives Musizieren\u201c \u00fcben. Wir experimentieren, indem wir das traditionelle Bandura-Instrument mit modernen Noise-Instrumenten kombinieren. Es ist dieser Ansatz, der das Rhythmusgef\u00fchl eines Kindes entwickelt, die Bildung\u2026","rel":"","context":"\u0421\u0445\u043e\u0436\u0438\u0439 \u0437\u0430\u043f\u0438\u0441","block_context":{"text":"\u0421\u0445\u043e\u0436\u0438\u0439 \u0437\u0430\u043f\u0438\u0441","link":""},"img":{"alt_text":"","src":"https:\/\/i0.wp.com\/use-ua.de\/wp-content\/uploads\/2022\/07\/Folk1.jpg?resize=350%2C200&ssl=1","width":350,"height":200,"srcset":"https:\/\/i0.wp.com\/use-ua.de\/wp-content\/uploads\/2022\/07\/Folk1.jpg?resize=350%2C200&ssl=1 1x, https:\/\/i0.wp.com\/use-ua.de\/wp-content\/uploads\/2022\/07\/Folk1.jpg?resize=525%2C300&ssl=1 1.5x, https:\/\/i0.wp.com\/use-ua.de\/wp-content\/uploads\/2022\/07\/Folk1.jpg?resize=700%2C400&ssl=1 2x, https:\/\/i0.wp.com\/use-ua.de\/wp-content\/uploads\/2022\/07\/Folk1.jpg?resize=1050%2C600&ssl=1 3x, https:\/\/i0.wp.com\/use-ua.de\/wp-content\/uploads\/2022\/07\/Folk1.jpg?resize=1400%2C800&ssl=1 4x"},"classes":[]}],"jetpack_sharing_enabled":true,"_links":{"self":[{"href":"https:\/\/use-ua.de\/uk\/wp-json\/wp\/v2\/pages\/61","targetHints":{"allow":["GET"]}}],"collection":[{"href":"https:\/\/use-ua.de\/uk\/wp-json\/wp\/v2\/pages"}],"about":[{"href":"https:\/\/use-ua.de\/uk\/wp-json\/wp\/v2\/types\/page"}],"author":[{"embeddable":true,"href":"https:\/\/use-ua.de\/uk\/wp-json\/wp\/v2\/users\/1"}],"replies":[{"embeddable":true,"href":"https:\/\/use-ua.de\/uk\/wp-json\/wp\/v2\/comments?post=61"}],"version-history":[{"count":8,"href":"https:\/\/use-ua.de\/uk\/wp-json\/wp\/v2\/pages\/61\/revisions"}],"predecessor-version":[{"id":562,"href":"https:\/\/use-ua.de\/uk\/wp-json\/wp\/v2\/pages\/61\/revisions\/562"}],"wp:attachment":[{"href":"https:\/\/use-ua.de\/uk\/wp-json\/wp\/v2\/media?parent=61"}],"curies":[{"name":"wp","href":"https:\/\/api.w.org\/{rel}","templated":true}]}}