{"id":5,"date":"2020-01-13T11:17:52","date_gmt":"2020-01-13T11:17:52","guid":{"rendered":"https:\/\/demosites.io\/web-agency-gb\/?page_id=5"},"modified":"2022-07-29T23:36:56","modified_gmt":"2022-07-29T23:36:56","slug":"start","status":"publish","type":"page","link":"https:\/\/use-ua.de\/uk\/","title":{"rendered":"\u0413\u043e\u043b\u043e\u0432\u043d\u0430"},"content":{"rendered":"<div class=\"wp-block-cover alignfull is-light\" style=\"min-height:700px;aspect-ratio:unset;\"><span aria-hidden=\"true\" class=\"wp-block-cover__background has-background-dim-0 has-background-dim\"><\/span><img data-recalc-dims=\"1\" loading=\"lazy\" decoding=\"async\" width=\"1200\" height=\"395\" class=\"wp-block-cover__image-background wp-image-472\" alt=\"\" src=\"https:\/\/i0.wp.com\/use-ua.de\/wp-content\/uploads\/2022\/07\/Karpaty.jpg?resize=1200%2C395&#038;ssl=1\" style=\"object-position:50% 64%\" data-object-fit=\"cover\" data-object-position=\"50% 64%\" srcset=\"https:\/\/i0.wp.com\/use-ua.de\/wp-content\/uploads\/2022\/07\/Karpaty.jpg?w=2333&amp;ssl=1 2333w, https:\/\/i0.wp.com\/use-ua.de\/wp-content\/uploads\/2022\/07\/Karpaty.jpg?resize=300%2C99&amp;ssl=1 300w, https:\/\/i0.wp.com\/use-ua.de\/wp-content\/uploads\/2022\/07\/Karpaty.jpg?resize=1024%2C337&amp;ssl=1 1024w, https:\/\/i0.wp.com\/use-ua.de\/wp-content\/uploads\/2022\/07\/Karpaty.jpg?resize=768%2C253&amp;ssl=1 768w, https:\/\/i0.wp.com\/use-ua.de\/wp-content\/uploads\/2022\/07\/Karpaty.jpg?resize=1536%2C506&amp;ssl=1 1536w, https:\/\/i0.wp.com\/use-ua.de\/wp-content\/uploads\/2022\/07\/Karpaty.jpg?resize=2048%2C674&amp;ssl=1 2048w, https:\/\/i0.wp.com\/use-ua.de\/wp-content\/uploads\/2022\/07\/Karpaty.jpg?resize=18%2C6&amp;ssl=1 18w\" sizes=\"auto, (max-width: 1200px) 100vw, 1200px\" \/><div class=\"wp-block-cover__inner-container is-layout-flow wp-block-cover-is-layout-flow\">\n<div style=\"height:80px\" aria-hidden=\"true\" class=\"wp-block-spacer\"><\/div>\n\n\n\n<h2 class=\"has-text-align-center has-text-color wp-block-heading\" style=\"color:#121212\">\u0412\u0456\u0442\u0430\u0454\u043c\u043e \u0432 \u0423\u043a\u0440\u0430\u0457\u043d\u0441\u044c\u043a\u0456\u0439 \u0421\u0443\u0431\u043e\u0442\u043d\u0456\u0439 \u0428\u043a\u043e\u043b\u0456 \u043c\u0456\u0441\u0442\u0430 \u0415\u0440\u043b\u0430\u043d\u0491\u0435\u043d<\/h2>\n\n\n\n<div class=\"wp-block-buttons is-horizontal is-content-justification-center is-layout-flex wp-container-core-buttons-is-layout-499968f5 wp-block-buttons-is-layout-flex\">\n<div class=\"wp-block-button is-style-primary\"><a class=\"wp-block-button__link has-nv-light-bg-background-color has-background\" href=\"https:\/\/use-ua.de\/uk\/ueber_uns\/\">\u041f\u0440\u043e \u043d\u0430\u0441<\/a><\/div>\n\n\n\n<div class=\"wp-block-button is-style-secondary\"><a class=\"wp-block-button__link has-nv-light-bg-background-color has-background\" href=\"https:\/\/use-ua.de\/uk\/registrierung\/\" target=\"_blank\" rel=\"noreferrer noopener\">\u0420\u0435\u0454\u0441\u0442\u0440\u0430\u0446\u0456\u044f<\/a><\/div>\n<\/div>\n\n\n\n<div style=\"height:80px\" aria-hidden=\"true\" class=\"wp-block-spacer\"><\/div>\n\n\n\n<div style=\"height:80px\" aria-hidden=\"true\" class=\"wp-block-spacer\"><\/div>\n<\/div><\/div>","protected":false},"excerpt":{"rendered":"","protected":false},"author":1,"featured_media":0,"parent":0,"menu_order":0,"comment_status":"closed","ping_status":"closed","template":"","meta":{"neve_meta_sidebar":"default","neve_meta_container":"default","neve_meta_enable_content_width":"on","neve_meta_content_width":100,"neve_meta_title_alignment":"","neve_meta_author_avatar":"","neve_post_elements_order":"","neve_meta_disable_header":"","neve_meta_disable_footer":"","neve_meta_disable_title":"on","footnotes":""},"class_list":["post-5","page","type-page","status-publish","hentry"],"yoast_head":"<!-- This site is optimized with the Yoast SEO plugin v27.3 - https:\/\/yoast.com\/product\/yoast-seo-wordpress\/ -->\n<title>Start - Ukrainische Samstagsschule Erlangen<\/title>\n<meta name=\"description\" content=\"Start Ukrainische Samstagsschule Erlangen -\" \/>\n<meta name=\"robots\" content=\"index, follow, max-snippet:-1, max-image-preview:large, max-video-preview:-1\" \/>\n<link rel=\"canonical\" href=\"https:\/\/use-ua.de\/uk\/\" \/>\n<meta property=\"og:locale\" content=\"uk_UA\" \/>\n<meta property=\"og:type\" content=\"article\" \/>\n<meta property=\"og:title\" content=\"Start - Ukrainische Samstagsschule Erlangen\" \/>\n<meta property=\"og:description\" content=\"Start Ukrainische Samstagsschule Erlangen -\" \/>\n<meta property=\"og:url\" content=\"https:\/\/use-ua.de\/uk\/\" \/>\n<meta property=\"og:site_name\" content=\"Ukrainische Samstagsschule Erlangen\" \/>\n<meta property=\"article:publisher\" content=\"https:\/\/www.facebook.com\/UkrSchuleErlangen\" \/>\n<meta property=\"article:modified_time\" content=\"2022-07-29T23:36:56+00:00\" \/>\n<meta property=\"og:image\" content=\"https:\/\/use-ua.de\/wp-content\/uploads\/2022\/07\/Karpaty.jpg\" \/>\n<meta name=\"twitter:card\" content=\"summary_large_image\" \/>\n<script type=\"application\/ld+json\" class=\"yoast-schema-graph\">{\"@context\":\"https:\\\/\\\/schema.org\",\"@graph\":[{\"@type\":\"WebPage\",\"@id\":\"https:\\\/\\\/use-ua.de\\\/\",\"url\":\"https:\\\/\\\/use-ua.de\\\/\",\"name\":\"Start - Ukrainische Samstagsschule Erlangen\",\"isPartOf\":{\"@id\":\"https:\\\/\\\/use-ua.de\\\/#website\"},\"primaryImageOfPage\":{\"@id\":\"https:\\\/\\\/use-ua.de\\\/#primaryimage\"},\"image\":{\"@id\":\"https:\\\/\\\/use-ua.de\\\/#primaryimage\"},\"thumbnailUrl\":\"https:\\\/\\\/use-ua.de\\\/wp-content\\\/uploads\\\/2022\\\/07\\\/Karpaty.jpg\",\"datePublished\":\"2020-01-13T11:17:52+00:00\",\"dateModified\":\"2022-07-29T23:36:56+00:00\",\"description\":\"Start Ukrainische Samstagsschule Erlangen -\",\"breadcrumb\":{\"@id\":\"https:\\\/\\\/use-ua.de\\\/#breadcrumb\"},\"inLanguage\":\"uk\",\"potentialAction\":[{\"@type\":\"ReadAction\",\"target\":[\"https:\\\/\\\/use-ua.de\\\/\"]}]},{\"@type\":\"ImageObject\",\"inLanguage\":\"uk\",\"@id\":\"https:\\\/\\\/use-ua.de\\\/#primaryimage\",\"url\":\"https:\\\/\\\/use-ua.de\\\/wp-content\\\/uploads\\\/2022\\\/07\\\/Karpaty.jpg\",\"contentUrl\":\"https:\\\/\\\/use-ua.de\\\/wp-content\\\/uploads\\\/2022\\\/07\\\/Karpaty.jpg\"},{\"@type\":\"BreadcrumbList\",\"@id\":\"https:\\\/\\\/use-ua.de\\\/#breadcrumb\",\"itemListElement\":[{\"@type\":\"ListItem\",\"position\":1,\"name\":\"Startseite\",\"item\":\"https:\\\/\\\/use-ua.de\\\/\"},{\"@type\":\"ListItem\",\"position\":2,\"name\":\"Start\"}]},{\"@type\":\"WebSite\",\"@id\":\"https:\\\/\\\/use-ua.de\\\/#website\",\"url\":\"https:\\\/\\\/use-ua.de\\\/\",\"name\":\"Ukrainische Samstagsschule Erlangen\",\"description\":\"Lernen Sie Ukrainische Sprache und Kultur in Deutschland, Ukrainische Samstagsschule Erlangen, Ukrainian school Erlangen, \u0423\u043a\u0440\u0430\u0457\u043d\u0441\u044c\u043a\u0430 \u0448\u043a\u043e\u043b\u0430 E\u0440\u043b\u0430\u043d\u0433\u0435\u043d, USE\",\"publisher\":{\"@id\":\"https:\\\/\\\/use-ua.de\\\/#organization\"},\"alternateName\":\"Lernen Sie Ukrainische Sprache und Kultur in Deutschland, Ukrainische Samstagsschule Erlangen, Ukrainian school Erlangen, \u0423\u043a\u0440\u0430\u0457\u043d\u0441\u044c\u043a\u0430 \u0448\u043a\u043e\u043b\u0430 E\u0440\u043b\u0430\u043d\u0433\u0435\u043d, USE\",\"potentialAction\":[{\"@type\":\"SearchAction\",\"target\":{\"@type\":\"EntryPoint\",\"urlTemplate\":\"https:\\\/\\\/use-ua.de\\\/?s={search_term_string}\"},\"query-input\":{\"@type\":\"PropertyValueSpecification\",\"valueRequired\":true,\"valueName\":\"search_term_string\"}}],\"inLanguage\":\"uk\"},{\"@type\":\"Organization\",\"@id\":\"https:\\\/\\\/use-ua.de\\\/#organization\",\"name\":\"Ukrainische Samstagsschule Erlangen\",\"alternateName\":\"Lernen Sie Ukrainische Sprache und Kultur in Deutschland, Ukrainische Samstagsschule Erlangen, Ukrainian school Erlangen, \u0423\u043a\u0440\u0430\u0457\u043d\u0441\u044c\u043a\u0430 \u0448\u043a\u043e\u043b\u0430 E\u0440\u043b\u0430\u043d\u0433\u0435\u043d, USE\",\"url\":\"https:\\\/\\\/use-ua.de\\\/\",\"logo\":{\"@type\":\"ImageObject\",\"inLanguage\":\"uk\",\"@id\":\"https:\\\/\\\/use-ua.de\\\/#\\\/schema\\\/logo\\\/image\\\/\",\"url\":\"https:\\\/\\\/i0.wp.com\\\/use-ua.de\\\/wp-content\\\/uploads\\\/2022\\\/11\\\/Element-1%404x.png?fit=1802%2C661&ssl=1\",\"contentUrl\":\"https:\\\/\\\/i0.wp.com\\\/use-ua.de\\\/wp-content\\\/uploads\\\/2022\\\/11\\\/Element-1%404x.png?fit=1802%2C661&ssl=1\",\"width\":1802,\"height\":661,\"caption\":\"Ukrainische Samstagsschule Erlangen\"},\"image\":{\"@id\":\"https:\\\/\\\/use-ua.de\\\/#\\\/schema\\\/logo\\\/image\\\/\"},\"sameAs\":[\"https:\\\/\\\/www.facebook.com\\\/UkrSchuleErlangen\"]}]}<\/script>\n<!-- \/ Yoast SEO plugin. -->","yoast_head_json":{"title":"Start - Ukrainische Samstagsschule Erlangen","description":"Start Ukrainische Samstagsschule Erlangen -","robots":{"index":"index","follow":"follow","max-snippet":"max-snippet:-1","max-image-preview":"max-image-preview:large","max-video-preview":"max-video-preview:-1"},"canonical":"https:\/\/use-ua.de\/uk\/","og_locale":"uk_UA","og_type":"article","og_title":"Start - Ukrainische Samstagsschule Erlangen","og_description":"Start Ukrainische Samstagsschule Erlangen -","og_url":"https:\/\/use-ua.de\/uk\/","og_site_name":"Ukrainische Samstagsschule Erlangen","article_publisher":"https:\/\/www.facebook.com\/UkrSchuleErlangen","article_modified_time":"2022-07-29T23:36:56+00:00","og_image":[{"url":"https:\/\/use-ua.de\/wp-content\/uploads\/2022\/07\/Karpaty.jpg","type":"","width":"","height":""}],"twitter_card":"summary_large_image","schema":{"@context":"https:\/\/schema.org","@graph":[{"@type":"WebPage","@id":"https:\/\/use-ua.de\/","url":"https:\/\/use-ua.de\/","name":"Start - Ukrainische Samstagsschule Erlangen","isPartOf":{"@id":"https:\/\/use-ua.de\/#website"},"primaryImageOfPage":{"@id":"https:\/\/use-ua.de\/#primaryimage"},"image":{"@id":"https:\/\/use-ua.de\/#primaryimage"},"thumbnailUrl":"https:\/\/use-ua.de\/wp-content\/uploads\/2022\/07\/Karpaty.jpg","datePublished":"2020-01-13T11:17:52+00:00","dateModified":"2022-07-29T23:36:56+00:00","description":"Start Ukrainische Samstagsschule Erlangen -","breadcrumb":{"@id":"https:\/\/use-ua.de\/#breadcrumb"},"inLanguage":"uk","potentialAction":[{"@type":"ReadAction","target":["https:\/\/use-ua.de\/"]}]},{"@type":"ImageObject","inLanguage":"uk","@id":"https:\/\/use-ua.de\/#primaryimage","url":"https:\/\/use-ua.de\/wp-content\/uploads\/2022\/07\/Karpaty.jpg","contentUrl":"https:\/\/use-ua.de\/wp-content\/uploads\/2022\/07\/Karpaty.jpg"},{"@type":"BreadcrumbList","@id":"https:\/\/use-ua.de\/#breadcrumb","itemListElement":[{"@type":"ListItem","position":1,"name":"Startseite","item":"https:\/\/use-ua.de\/"},{"@type":"ListItem","position":2,"name":"Start"}]},{"@type":"WebSite","@id":"https:\/\/use-ua.de\/#website","url":"https:\/\/use-ua.de\/","name":"\u0423\u043a\u0440\u0430\u0457\u043d\u0441\u044c\u043a\u0430 \u0421\u0443\u0431\u043e\u0442\u043d\u044f \u0428\u043a\u043e\u043b\u0430 \u043c. \u0415\u0440\u043b\u0430\u043d\u0491\u0435\u043d","description":"Lernen Sie Ukrainische Sprache und Kultur in Deutschland, Ukrainische Samstagsschule Erlangen, Ukrainian school Erlangen, \u0423\u043a\u0440\u0430\u0457\u043d\u0441\u044c\u043a\u0430 \u0448\u043a\u043e\u043b\u0430 E\u0440\u043b\u0430\u043d\u0433\u0435\u043d, USE","publisher":{"@id":"https:\/\/use-ua.de\/#organization"},"alternateName":"Lernen Sie Ukrainische Sprache und Kultur in Deutschland, Ukrainische Samstagsschule Erlangen, Ukrainian school Erlangen, \u0423\u043a\u0440\u0430\u0457\u043d\u0441\u044c\u043a\u0430 \u0448\u043a\u043e\u043b\u0430 E\u0440\u043b\u0430\u043d\u0433\u0435\u043d, USE","potentialAction":[{"@type":"SearchAction","target":{"@type":"EntryPoint","urlTemplate":"https:\/\/use-ua.de\/?s={search_term_string}"},"query-input":{"@type":"PropertyValueSpecification","valueRequired":true,"valueName":"search_term_string"}}],"inLanguage":"uk"},{"@type":"Organization","@id":"https:\/\/use-ua.de\/#organization","name":"\u0423\u043a\u0440\u0430\u0457\u043d\u0441\u044c\u043a\u0430 \u0421\u0443\u0431\u043e\u0442\u043d\u044f \u0428\u043a\u043e\u043b\u0430 \u043c. \u0415\u0440\u043b\u0430\u043d\u0491\u0435\u043d","alternateName":"Lernen Sie Ukrainische Sprache und Kultur in Deutschland, Ukrainische Samstagsschule Erlangen, Ukrainian school Erlangen, \u0423\u043a\u0440\u0430\u0457\u043d\u0441\u044c\u043a\u0430 \u0448\u043a\u043e\u043b\u0430 E\u0440\u043b\u0430\u043d\u0433\u0435\u043d, USE","url":"https:\/\/use-ua.de\/","logo":{"@type":"ImageObject","inLanguage":"uk","@id":"https:\/\/use-ua.de\/#\/schema\/logo\/image\/","url":"https:\/\/i0.wp.com\/use-ua.de\/wp-content\/uploads\/2022\/11\/Element-1%404x.png?fit=1802%2C661&ssl=1","contentUrl":"https:\/\/i0.wp.com\/use-ua.de\/wp-content\/uploads\/2022\/11\/Element-1%404x.png?fit=1802%2C661&ssl=1","width":1802,"height":661,"caption":"Ukrainische Samstagsschule Erlangen"},"image":{"@id":"https:\/\/use-ua.de\/#\/schema\/logo\/image\/"},"sameAs":["https:\/\/www.facebook.com\/UkrSchuleErlangen"]}]}},"jetpack-related-posts":[{"id":61,"url":"https:\/\/use-ua.de\/uk\/ueber_uns","url_meta":{"origin":5,"position":0},"title":"\u041f\u0440\u043e \u043d\u0430\u0441","author":"USE","date":"23 \u0421\u0456\u0447\u043d\u044f, 2020","format":false,"excerpt":"Unsere Geschichte Die Ukrainische Samstagsschule in Erlangen ist ein \u00f6ffentlicher deutsch-ukrainischer gemeinn\u00fctziger Verein, der 2016 gegr\u00fcndet wurde. Zu den Aufgaben der Ukrainischen Samstagsschule Erlangen geh\u00f6rt die Pflege der ukrainischen Kultur im Zusammenspiel mit der deutschen Kultur, die F\u00f6rderung der kulturellen Bindungen zwischen Deutschland und der Ukraine, sowie die Hilfe bei\u2026","rel":"","context":"\u0421\u0445\u043e\u0436\u0438\u0439 \u0437\u0430\u043f\u0438\u0441","block_context":{"text":"\u0421\u0445\u043e\u0436\u0438\u0439 \u0437\u0430\u043f\u0438\u0441","link":""},"img":{"alt_text":"","src":"https:\/\/i0.wp.com\/use-ua.de\/wp-content\/uploads\/2022\/07\/Ukrshkola1.jpg?resize=350%2C200&ssl=1","width":350,"height":200,"srcset":"https:\/\/i0.wp.com\/use-ua.de\/wp-content\/uploads\/2022\/07\/Ukrshkola1.jpg?resize=350%2C200&ssl=1 1x, https:\/\/i0.wp.com\/use-ua.de\/wp-content\/uploads\/2022\/07\/Ukrshkola1.jpg?resize=525%2C300&ssl=1 1.5x, https:\/\/i0.wp.com\/use-ua.de\/wp-content\/uploads\/2022\/07\/Ukrshkola1.jpg?resize=700%2C400&ssl=1 2x, https:\/\/i0.wp.com\/use-ua.de\/wp-content\/uploads\/2022\/07\/Ukrshkola1.jpg?resize=1050%2C600&ssl=1 3x, https:\/\/i0.wp.com\/use-ua.de\/wp-content\/uploads\/2022\/07\/Ukrshkola1.jpg?resize=1400%2C800&ssl=1 4x"},"classes":[]},{"id":69,"url":"https:\/\/use-ua.de\/uk\/unterricht","url_meta":{"origin":5,"position":1},"title":"\u041e\u0441\u0432\u0456\u0442\u043d\u044f \u043f\u0440\u043e\u0433\u0440\u0430\u043c\u0430","author":"USE","date":"27 \u0421\u0456\u0447\u043d\u044f, 2020","format":false,"excerpt":"Unterricht Die Hauptf\u00e4cher, die in der Schule unterrichtet werden, sind die ukrainische Sprache und Literatur, Mathematik und die Geschichte der Ukraine. Der Unterricht wird ausschlie\u00dflich in ukrainischer Sprache durchgef\u00fchrt. Unsere Aufgabe ist eine individuelle Herangehensweise und qualitativ hochwertige Bildung f\u00fcr das Kind. Deshalb hat die Schule ein spezielles Programm f\u00fcr\u2026","rel":"","context":"\u0421\u0445\u043e\u0436\u0438\u0439 \u0437\u0430\u043f\u0438\u0441","block_context":{"text":"\u0421\u0445\u043e\u0436\u0438\u0439 \u0437\u0430\u043f\u0438\u0441","link":""},"img":{"alt_text":"","src":"https:\/\/i0.wp.com\/use-ua.de\/wp-content\/uploads\/2022\/07\/pexels-pixabay-256541-scaled.jpg?resize=350%2C200&ssl=1","width":350,"height":200,"srcset":"https:\/\/i0.wp.com\/use-ua.de\/wp-content\/uploads\/2022\/07\/pexels-pixabay-256541-scaled.jpg?resize=350%2C200&ssl=1 1x, https:\/\/i0.wp.com\/use-ua.de\/wp-content\/uploads\/2022\/07\/pexels-pixabay-256541-scaled.jpg?resize=525%2C300&ssl=1 1.5x, https:\/\/i0.wp.com\/use-ua.de\/wp-content\/uploads\/2022\/07\/pexels-pixabay-256541-scaled.jpg?resize=700%2C400&ssl=1 2x, https:\/\/i0.wp.com\/use-ua.de\/wp-content\/uploads\/2022\/07\/pexels-pixabay-256541-scaled.jpg?resize=1050%2C600&ssl=1 3x, https:\/\/i0.wp.com\/use-ua.de\/wp-content\/uploads\/2022\/07\/pexels-pixabay-256541-scaled.jpg?resize=1400%2C800&ssl=1 4x"},"classes":[]},{"id":71,"url":"https:\/\/use-ua.de\/uk\/start\/registrierung","url_meta":{"origin":5,"position":2},"title":"\u0420\u0435\u0454\u0441\u0442\u0440\u0430\u0446\u0456\u044f","author":"USE","date":"27 \u0421\u0456\u0447\u043d\u044f, 2020","format":false,"excerpt":"Bitte registrieren Sie sich f\u00fcr das neue Schuljahr \u00fcber den Link an und f\u00fcllen Sie die Pflichtfelder aus. Wir werden Sie nach Ablauf der Anmeldefrist bis zum 15. August 2024 kontaktieren Registrierung","rel":"","context":"\u0421\u0445\u043e\u0436\u0438\u0439 \u0437\u0430\u043f\u0438\u0441","block_context":{"text":"\u0421\u0445\u043e\u0436\u0438\u0439 \u0437\u0430\u043f\u0438\u0441","link":""},"img":{"alt_text":"","src":"https:\/\/i0.wp.com\/use-ua.de\/wp-content\/uploads\/2022\/07\/pexels-andrea-piacquadio-3791242-r.jpg?resize=350%2C200&ssl=1","width":350,"height":200,"srcset":"https:\/\/i0.wp.com\/use-ua.de\/wp-content\/uploads\/2022\/07\/pexels-andrea-piacquadio-3791242-r.jpg?resize=350%2C200&ssl=1 1x, https:\/\/i0.wp.com\/use-ua.de\/wp-content\/uploads\/2022\/07\/pexels-andrea-piacquadio-3791242-r.jpg?resize=525%2C300&ssl=1 1.5x, https:\/\/i0.wp.com\/use-ua.de\/wp-content\/uploads\/2022\/07\/pexels-andrea-piacquadio-3791242-r.jpg?resize=700%2C400&ssl=1 2x, https:\/\/i0.wp.com\/use-ua.de\/wp-content\/uploads\/2022\/07\/pexels-andrea-piacquadio-3791242-r.jpg?resize=1050%2C600&ssl=1 3x"},"classes":[]},{"id":489,"url":"https:\/\/use-ua.de\/uk\/folklorekreis","url_meta":{"origin":5,"position":3},"title":"\u0424\u043e\u043b\u044c\u043a\u043b\u043e\u0440\u043d\u0430 \u0441\u0442\u0443\u0434\u0456\u044f","author":"USE","date":"29 \u041b\u0438\u043f\u043d\u044f, 2022","format":false,"excerpt":"An der Schule wurde ein Folklorestudio eingerichtet, in dem Kinder unter professioneller Anleitung eines Musik- und Gesangslehrers die Methode von Karl Orff und sein \u201eaktives Musizieren\u201c \u00fcben. Wir experimentieren, indem wir das traditionelle Bandura-Instrument mit modernen Noise-Instrumenten kombinieren. Es ist dieser Ansatz, der das Rhythmusgef\u00fchl eines Kindes entwickelt, die Bildung\u2026","rel":"","context":"\u0421\u0445\u043e\u0436\u0438\u0439 \u0437\u0430\u043f\u0438\u0441","block_context":{"text":"\u0421\u0445\u043e\u0436\u0438\u0439 \u0437\u0430\u043f\u0438\u0441","link":""},"img":{"alt_text":"","src":"https:\/\/i0.wp.com\/use-ua.de\/wp-content\/uploads\/2022\/07\/Folk1.jpg?resize=350%2C200&ssl=1","width":350,"height":200,"srcset":"https:\/\/i0.wp.com\/use-ua.de\/wp-content\/uploads\/2022\/07\/Folk1.jpg?resize=350%2C200&ssl=1 1x, https:\/\/i0.wp.com\/use-ua.de\/wp-content\/uploads\/2022\/07\/Folk1.jpg?resize=525%2C300&ssl=1 1.5x, https:\/\/i0.wp.com\/use-ua.de\/wp-content\/uploads\/2022\/07\/Folk1.jpg?resize=700%2C400&ssl=1 2x, https:\/\/i0.wp.com\/use-ua.de\/wp-content\/uploads\/2022\/07\/Folk1.jpg?resize=1050%2C600&ssl=1 3x, https:\/\/i0.wp.com\/use-ua.de\/wp-content\/uploads\/2022\/07\/Folk1.jpg?resize=1400%2C800&ssl=1 4x"},"classes":[]},{"id":2,"url":"https:\/\/use-ua.de\/uk\/sample-page","url_meta":{"origin":5,"position":4},"title":"Sample Page","author":"USE","date":"26 \u041b\u0438\u043f\u043d\u044f, 2022","format":false,"excerpt":"This is an example page. It's different from a blog post because it will stay in one place and will show up in your site navigation (in most themes). Most people start with an About page that introduces them to potential site visitors. It might say something like this: Hi\u2026","rel":"","context":"\u0421\u0445\u043e\u0436\u0438\u0439 \u0437\u0430\u043f\u0438\u0441","block_context":{"text":"\u0421\u0445\u043e\u0436\u0438\u0439 \u0437\u0430\u043f\u0438\u0441","link":""},"img":{"alt_text":"","src":"","width":0,"height":0},"classes":[]},{"id":307,"url":"https:\/\/use-ua.de\/uk\/aktuelles","url_meta":{"origin":5,"position":5},"title":"\u041d\u043e\u0432\u0438\u043d\u0438","author":"USE","date":"13 \u0421\u0456\u0447\u043d\u044f, 2020","format":false,"excerpt":"This is an example page. It's different from a blog post because it will stay in one place and will show up in your site navigation (in most themes). Most people start with an About page that introduces them to potential site visitors. It might say something like this: Hi\u2026","rel":"","context":"\u0421\u0445\u043e\u0436\u0438\u0439 \u0437\u0430\u043f\u0438\u0441","block_context":{"text":"\u0421\u0445\u043e\u0436\u0438\u0439 \u0437\u0430\u043f\u0438\u0441","link":""},"img":{"alt_text":"","src":"","width":0,"height":0},"classes":[]}],"jetpack_sharing_enabled":true,"_links":{"self":[{"href":"https:\/\/use-ua.de\/uk\/wp-json\/wp\/v2\/pages\/5","targetHints":{"allow":["GET"]}}],"collection":[{"href":"https:\/\/use-ua.de\/uk\/wp-json\/wp\/v2\/pages"}],"about":[{"href":"https:\/\/use-ua.de\/uk\/wp-json\/wp\/v2\/types\/page"}],"author":[{"embeddable":true,"href":"https:\/\/use-ua.de\/uk\/wp-json\/wp\/v2\/users\/1"}],"replies":[{"embeddable":true,"href":"https:\/\/use-ua.de\/uk\/wp-json\/wp\/v2\/comments?post=5"}],"version-history":[{"count":9,"href":"https:\/\/use-ua.de\/uk\/wp-json\/wp\/v2\/pages\/5\/revisions"}],"predecessor-version":[{"id":529,"href":"https:\/\/use-ua.de\/uk\/wp-json\/wp\/v2\/pages\/5\/revisions\/529"}],"wp:attachment":[{"href":"https:\/\/use-ua.de\/uk\/wp-json\/wp\/v2\/media?parent=5"}],"curies":[{"name":"wp","href":"https:\/\/api.w.org\/{rel}","templated":true}]}}